{"id":16257,"date":"2020-04-11T08:36:29","date_gmt":"2020-04-11T08:36:29","guid":{"rendered":"https:\/\/treon.pl\/blog\/"},"modified":"2025-10-07T09:59:52","modified_gmt":"2025-10-07T09:59:52","slug":"blog","status":"publish","type":"page","link":"https:\/\/treon.pl\/de\/blog\/","title":{"rendered":"Blog"},"content":{"rendered":"\t\t<div data-elementor-type=\"wp-page\" data-elementor-id=\"16257\" class=\"elementor elementor-16257 elementor-7968\" data-elementor-post-type=\"page\">\n\t\t\t\t\t\t<section class=\"elementor-section elementor-top-section elementor-element elementor-element-adc65de elementor-section-boxed elementor-section-height-default elementor-section-height-default\" data-id=\"adc65de\" data-element_type=\"section\" data-e-type=\"section\">\n\t\t\t\t\t\t<div class=\"elementor-container elementor-column-gap-default\">\n\t\t\t\t\t<div class=\"elementor-column elementor-col-100 elementor-top-column elementor-element elementor-element-474e27b top column-style-top\" data-id=\"474e27b\" data-element_type=\"column\" data-e-type=\"column\">\n\t\t\t<div class=\"elementor-widget-wrap elementor-element-populated\">\n\t\t\t\t\t\t<div class=\"elementor-element elementor-element-a83bab2 elementor-widget elementor-widget-gva-posts\" data-id=\"a83bab2\" data-element_type=\"widget\" data-e-type=\"widget\" data-widget_type=\"gva-posts.default\">\n\t\t\t\t<div class=\"elementor-widget-container\">\n\t\t\t\t\t<div class=\"gva-element-gva-posts gva-element\">  \r\n  <div class=\"gva-posts-grid clearfix gva-posts\">\r\n      <div class=\"gva-content-items\"> \r\n        <div class=\"lg-block-grid-3 md-block-grid-3 sm-block-grid-2 xs-block-grid-2 xx-block-grid-1\">\r\n          \r\n<div class=\"all unsere-projekte  item-columns\">\r\n   <article id=\"post-32943\" class=\"post-32943 post type-post status-publish format-standard has-post-thumbnail hentry category-unsere-projekte\">\r\n      <div class=\"post-block post-style-1\">\r\n         <div class=\"post-thumbnail\">\r\n            <a href=\"https:\/\/treon.pl\/de\/messung-des-hitzeschilds-des-kryomoduls-eine-komponente-fuer-cern-anwendungen\/\">\r\n               <img fetchpriority=\"high\" decoding=\"async\" width=\"600\" height=\"455\" src=\"https:\/\/treon.pl\/wp-content\/uploads\/2026\/04\/pomiar-oslony-termicznej-2-1-600x455.jpg\" class=\"attachment-post-thumbnail size-post-thumbnail wp-post-image\" alt=\"Messung des Hitzeschilds des Kryomoduls - eine Komponente f\u00fcr CERN-Anwendungen\" \/>            <\/a>   \r\n                           <div class=\"entry-date\">16. April 2026<\/div>\r\n                     <\/div>   \r\n\r\n         <div class=\"entry-content\">\r\n            <div class=\"content-inner\">\r\n               <div class=\"entry-meta\">\r\n                  <div class=\"meta-inline\"><span class=\"author vcard\"><i class=\"far fa-user-circle\"><\/i>przez&nbsp;Treon<\/span><\/div>                  \r\n               <\/div> \r\n               <h2 class=\"entry-title\"><a href=\"https:\/\/treon.pl\/de\/messung-des-hitzeschilds-des-kryomoduls-eine-komponente-fuer-cern-anwendungen\/\" rel=\"bookmark\">Messung des Hitzeschilds des Kryomoduls - eine Komponente f\u00fcr CERN-Anwendungen<\/a><\/h2>\r\n               <div class=\"read-more\">\r\n                  <a class=\"btn-inline\" href=\"https:\/\/treon.pl\/de\/messung-des-hitzeschilds-des-kryomoduls-eine-komponente-fuer-cern-anwendungen\/\">Mehr lesen<\/a>\r\n               <\/div>\r\n            <\/div>\r\n         <\/div>\r\n      <\/div>   \r\n   <\/article>   \r\n<\/div>\r\n\r\n  \r\n<div class=\"all unsere-projekte  item-columns\">\r\n   <article id=\"post-31953\" class=\"post-31953 post type-post status-publish format-standard has-post-thumbnail hentry category-unsere-projekte\">\r\n      <div class=\"post-block post-style-1\">\r\n         <div class=\"post-thumbnail\">\r\n            <a href=\"https:\/\/treon.pl\/de\/austausch-von-rollkaefigfuehrungen-messunterstuetzung-unter-metallurgischen-bedingungen\/\">\r\n               <img decoding=\"async\" width=\"600\" height=\"455\" data-src=\"https:\/\/treon.pl\/wp-content\/uploads\/2026\/02\/huta-1-600x455.jpg\" class=\"attachment-post-thumbnail size-post-thumbnail wp-post-image lazyload\" alt=\"Austausch von Rollk\u00e4figf\u00fchrungen - Messunterst\u00fctzung unter metallurgischen Bedingungen\" src=\"data:image\/svg+xml;base64,PHN2ZyB3aWR0aD0iMSIgaGVpZ2h0PSIxIiB4bWxucz0iaHR0cDovL3d3dy53My5vcmcvMjAwMC9zdmciPjwvc3ZnPg==\" style=\"--smush-placeholder-width: 600px; --smush-placeholder-aspect-ratio: 600\/455;\" \/>            <\/a>   \r\n                           <div class=\"entry-date\">12. M\u00e4rz 2026<\/div>\r\n                     <\/div>   \r\n\r\n         <div class=\"entry-content\">\r\n            <div class=\"content-inner\">\r\n               <div class=\"entry-meta\">\r\n                  <div class=\"meta-inline\"><span class=\"author vcard\"><i class=\"far fa-user-circle\"><\/i>przez&nbsp;Treon<\/span><\/div>                  \r\n               <\/div> \r\n               <h2 class=\"entry-title\"><a href=\"https:\/\/treon.pl\/de\/austausch-von-rollkaefigfuehrungen-messunterstuetzung-unter-metallurgischen-bedingungen\/\" rel=\"bookmark\">Austausch von Rollk\u00e4figf\u00fchrungen - Messunterst\u00fctzung unter metallurgischen Bedingungen<\/a><\/h2>\r\n               <div class=\"read-more\">\r\n                  <a class=\"btn-inline\" href=\"https:\/\/treon.pl\/de\/austausch-von-rollkaefigfuehrungen-messunterstuetzung-unter-metallurgischen-bedingungen\/\">Mehr lesen<\/a>\r\n               <\/div>\r\n            <\/div>\r\n         <\/div>\r\n      <\/div>   \r\n   <\/article>   \r\n<\/div>\r\n\r\n  \r\n<div class=\"all unsere-projekte  item-columns\">\r\n   <article id=\"post-31568\" class=\"post-31568 post type-post status-publish format-standard has-post-thumbnail hentry category-unsere-projekte\">\r\n      <div class=\"post-block post-style-1\">\r\n         <div class=\"post-thumbnail\">\r\n            <a href=\"https:\/\/treon.pl\/de\/tabakaufbereitung-zylinderlaufbahnmessung-geometriekontrolle\/\">\r\n               <img decoding=\"async\" width=\"600\" height=\"455\" data-src=\"https:\/\/treon.pl\/wp-content\/uploads\/2026\/02\/bieznia-1-600x455.jpg\" class=\"attachment-post-thumbnail size-post-thumbnail wp-post-image lazyload\" alt=\"Messung der Laufbahn eines Tabakaufbereitungszylinders\" src=\"data:image\/svg+xml;base64,PHN2ZyB3aWR0aD0iMSIgaGVpZ2h0PSIxIiB4bWxucz0iaHR0cDovL3d3dy53My5vcmcvMjAwMC9zdmciPjwvc3ZnPg==\" style=\"--smush-placeholder-width: 600px; --smush-placeholder-aspect-ratio: 600\/455;\" \/>            <\/a>   \r\n                           <div class=\"entry-date\">24. Februar 2026<\/div>\r\n                     <\/div>   \r\n\r\n         <div class=\"entry-content\">\r\n            <div class=\"content-inner\">\r\n               <div class=\"entry-meta\">\r\n                  <div class=\"meta-inline\"><span class=\"author vcard\"><i class=\"far fa-user-circle\"><\/i>przez&nbsp;Treon<\/span><\/div>                  \r\n               <\/div> \r\n               <h2 class=\"entry-title\"><a href=\"https:\/\/treon.pl\/de\/tabakaufbereitung-zylinderlaufbahnmessung-geometriekontrolle\/\" rel=\"bookmark\">Messung der Laufbahn eines Tabakaufbereitungszylinders<\/a><\/h2>\r\n               <div class=\"read-more\">\r\n                  <a class=\"btn-inline\" href=\"https:\/\/treon.pl\/de\/tabakaufbereitung-zylinderlaufbahnmessung-geometriekontrolle\/\">Mehr lesen<\/a>\r\n               <\/div>\r\n            <\/div>\r\n         <\/div>\r\n      <\/div>   \r\n   <\/article>   \r\n<\/div>\r\n\r\n  \r\n<div class=\"all unsere-projekte  item-columns\">\r\n   <article id=\"post-29713\" class=\"post-29713 post type-post status-publish format-standard has-post-thumbnail hentry category-unsere-projekte\">\r\n      <div class=\"post-block post-style-1\">\r\n         <div class=\"post-thumbnail\">\r\n            <a href=\"https:\/\/treon.pl\/de\/verlegung-eines-schweisswirbels-fuer-schienenfahrzeugrahmen\/\">\r\n               <img decoding=\"async\" width=\"600\" height=\"455\" data-src=\"https:\/\/treon.pl\/wp-content\/uploads\/2025\/11\/relokacja-2-600x455.jpg\" class=\"attachment-post-thumbnail size-post-thumbnail wp-post-image lazyload\" alt=\"Verlegung eines Schweisswirbels f\u00fcr Schienenfahrzeugrahmen\" src=\"data:image\/svg+xml;base64,PHN2ZyB3aWR0aD0iMSIgaGVpZ2h0PSIxIiB4bWxucz0iaHR0cDovL3d3dy53My5vcmcvMjAwMC9zdmciPjwvc3ZnPg==\" style=\"--smush-placeholder-width: 600px; --smush-placeholder-aspect-ratio: 600\/455;\" \/>            <\/a>   \r\n                           <div class=\"entry-date\">20. Dezember 2025<\/div>\r\n                     <\/div>   \r\n\r\n         <div class=\"entry-content\">\r\n            <div class=\"content-inner\">\r\n               <div class=\"entry-meta\">\r\n                  <div class=\"meta-inline\"><span class=\"author vcard\"><i class=\"far fa-user-circle\"><\/i>przez&nbsp;Treon<\/span><\/div>                  \r\n               <\/div> \r\n               <h2 class=\"entry-title\"><a href=\"https:\/\/treon.pl\/de\/verlegung-eines-schweisswirbels-fuer-schienenfahrzeugrahmen\/\" rel=\"bookmark\">Verlegung eines Schweisswirbels f\u00fcr Schienenfahrzeugrahmen<\/a><\/h2>\r\n               <div class=\"read-more\">\r\n                  <a class=\"btn-inline\" href=\"https:\/\/treon.pl\/de\/verlegung-eines-schweisswirbels-fuer-schienenfahrzeugrahmen\/\">Mehr lesen<\/a>\r\n               <\/div>\r\n            <\/div>\r\n         <\/div>\r\n      <\/div>   \r\n   <\/article>   \r\n<\/div>\r\n\r\n  \r\n<div class=\"all unsere-projekte  item-columns\">\r\n   <article id=\"post-29701\" class=\"post-29701 post type-post status-publish format-standard has-post-thumbnail hentry category-unsere-projekte\">\r\n      <div class=\"post-block post-style-1\">\r\n         <div class=\"post-thumbnail\">\r\n            <a href=\"https:\/\/treon.pl\/de\/coupling-pairing-praezision-die-vor-fehlern-schuetzt\/\">\r\n               <img decoding=\"async\" width=\"600\" height=\"455\" data-src=\"https:\/\/treon.pl\/wp-content\/uploads\/2025\/11\/parowanie-2-600x455.jpg\" class=\"attachment-post-thumbnail size-post-thumbnail wp-post-image lazyload\" alt=\"Coupling Pairing - Pr\u00e4zision, die vor Fehlern sch\u00fctzt\" src=\"data:image\/svg+xml;base64,PHN2ZyB3aWR0aD0iMSIgaGVpZ2h0PSIxIiB4bWxucz0iaHR0cDovL3d3dy53My5vcmcvMjAwMC9zdmciPjwvc3ZnPg==\" style=\"--smush-placeholder-width: 600px; --smush-placeholder-aspect-ratio: 600\/455;\" \/>            <\/a>   \r\n                           <div class=\"entry-date\">13. Dezember 2025<\/div>\r\n                     <\/div>   \r\n\r\n         <div class=\"entry-content\">\r\n            <div class=\"content-inner\">\r\n               <div class=\"entry-meta\">\r\n                  <div class=\"meta-inline\"><span class=\"author vcard\"><i class=\"far fa-user-circle\"><\/i>przez&nbsp;Treon<\/span><\/div>                  \r\n               <\/div> \r\n               <h2 class=\"entry-title\"><a href=\"https:\/\/treon.pl\/de\/coupling-pairing-praezision-die-vor-fehlern-schuetzt\/\" rel=\"bookmark\">Coupling Pairing - Pr\u00e4zision, die vor Fehlern sch\u00fctzt<\/a><\/h2>\r\n               <div class=\"read-more\">\r\n                  <a class=\"btn-inline\" href=\"https:\/\/treon.pl\/de\/coupling-pairing-praezision-die-vor-fehlern-schuetzt\/\">Mehr lesen<\/a>\r\n               <\/div>\r\n            <\/div>\r\n         <\/div>\r\n      <\/div>   \r\n   <\/article>   \r\n<\/div>\r\n\r\n  \r\n<div class=\"all unsere-projekte  item-columns\">\r\n   <article id=\"post-29687\" class=\"post-29687 post type-post status-publish format-standard has-post-thumbnail hentry category-unsere-projekte\">\r\n      <div class=\"post-block post-style-1\">\r\n         <div class=\"post-thumbnail\">\r\n            <a href=\"https:\/\/treon.pl\/de\/messungen-der-geometrie-der-turbineneinheit-waehrend-der-nachruestung\/\">\r\n               <img decoding=\"async\" width=\"600\" height=\"455\" data-src=\"https:\/\/treon.pl\/wp-content\/uploads\/2025\/11\/hydrozespol-2-600x455.jpg\" class=\"attachment-post-thumbnail size-post-thumbnail wp-post-image lazyload\" alt=\"Messungen der Geometrie der Turbineneinheit w\u00e4hrend der Nachr\u00fcstung\" src=\"data:image\/svg+xml;base64,PHN2ZyB3aWR0aD0iMSIgaGVpZ2h0PSIxIiB4bWxucz0iaHR0cDovL3d3dy53My5vcmcvMjAwMC9zdmciPjwvc3ZnPg==\" style=\"--smush-placeholder-width: 600px; --smush-placeholder-aspect-ratio: 600\/455;\" \/>            <\/a>   \r\n                           <div class=\"entry-date\">3. Dezember 2025<\/div>\r\n                     <\/div>   \r\n\r\n         <div class=\"entry-content\">\r\n            <div class=\"content-inner\">\r\n               <div class=\"entry-meta\">\r\n                  <div class=\"meta-inline\"><span class=\"author vcard\"><i class=\"far fa-user-circle\"><\/i>przez&nbsp;Treon<\/span><\/div>                  \r\n               <\/div> \r\n               <h2 class=\"entry-title\"><a href=\"https:\/\/treon.pl\/de\/messungen-der-geometrie-der-turbineneinheit-waehrend-der-nachruestung\/\" rel=\"bookmark\">Messungen der Geometrie der Turbineneinheit w\u00e4hrend der Nachr\u00fcstung<\/a><\/h2>\r\n               <div class=\"read-more\">\r\n                  <a class=\"btn-inline\" href=\"https:\/\/treon.pl\/de\/messungen-der-geometrie-der-turbineneinheit-waehrend-der-nachruestung\/\">Mehr lesen<\/a>\r\n               <\/div>\r\n            <\/div>\r\n         <\/div>\r\n      <\/div>   \r\n   <\/article>   \r\n<\/div>\r\n\r\n          <\/div>\r\n      <\/div>\r\n                <div class=\"pagination\">\r\n              <div class=\"column one pager_wrapper\"><div class=\"pager\"><div class=\"paginations\"><a href=\"https:\/\/treon.pl\/de\/wp-json\/wp\/v2\/pages\/16257\/\" class=\"page-item active\">1<\/a><a href=\"https:\/\/treon.pl\/de\/wp-json\/wp\/v2\/pages\/16257\/page\/2\/\" class=\"page-item\">2<\/a><a href=\"https:\/\/treon.pl\/de\/wp-json\/wp\/v2\/pages\/16257\/page\/3\/\" class=\"page-item\">3<\/a><span class=\"page-item\">... <\/span><a href=\"https:\/\/treon.pl\/de\/wp-json\/wp\/v2\/pages\/16257\/page\/9\/\" class=\"page-item\">9<\/a><a class=\"next_page\" href=\"https:\/\/treon.pl\/de\/wp-json\/wp\/v2\/pages\/16257\/page\/2\/\"><i class=\"fas fa-chevron-right\"><\/i><\/a><\/div><\/div><\/div>\n          <\/div>\r\n        <\/div>\r\n  <\/div>\t\t\t\t<\/div>\n\t\t\t\t<\/div>\n\t\t\t\t\t<\/div>\n\t\t<\/div>\n\t\t\t\t\t<\/div>\n\t\t<\/section>\n\t\t\t\t<\/div>\n\t\t","protected":false},"excerpt":{"rendered":"<p>10 Jan, 2021 by\u00a0admin1 comment The seven phases of a cyber attack Read more 3 Jan, 2021 by\u00a0admin1 comment Build a powerful building materials Read more 3 Jan, 2021 by\u00a0admin0 comments We design industry materials Read more 3 Jan, 2021 by\u00a0admin0 comments How to build a powerful building Read more 3 Jan, 2021 by\u00a0admin2 comments [&hellip;]<\/p>\n","protected":false},"author":1,"featured_media":0,"parent":0,"menu_order":0,"comment_status":"closed","ping_status":"closed","template":"","meta":{"_acf_changed":false,"footnotes":""},"class_list":["post-16257","page","type-page","status-publish","hentry","post"],"acf":[],"_links":{"self":[{"href":"https:\/\/treon.pl\/de\/wp-json\/wp\/v2\/pages\/16257","targetHints":{"allow":["GET"]}}],"collection":[{"href":"https:\/\/treon.pl\/de\/wp-json\/wp\/v2\/pages"}],"about":[{"href":"https:\/\/treon.pl\/de\/wp-json\/wp\/v2\/types\/page"}],"author":[{"embeddable":true,"href":"https:\/\/treon.pl\/de\/wp-json\/wp\/v2\/users\/1"}],"replies":[{"embeddable":true,"href":"https:\/\/treon.pl\/de\/wp-json\/wp\/v2\/comments?post=16257"}],"version-history":[{"count":0,"href":"https:\/\/treon.pl\/de\/wp-json\/wp\/v2\/pages\/16257\/revisions"}],"wp:attachment":[{"href":"https:\/\/treon.pl\/de\/wp-json\/wp\/v2\/media?parent=16257"}],"curies":[{"name":"wp","href":"https:\/\/api.w.org\/{rel}","templated":true}]}}