{"id":16849,"date":"2023-08-11T11:43:23","date_gmt":"2023-08-11T11:43:23","guid":{"rendered":"https:\/\/treon.pl\/software-schulung\/"},"modified":"2025-08-14T07:56:28","modified_gmt":"2025-08-14T07:56:28","slug":"software-schulung","status":"publish","type":"page","link":"https:\/\/treon.pl\/de\/software-schulung\/","title":{"rendered":"Software-Schulung"},"content":{"rendered":"\t\t<div data-elementor-type=\"wp-post\" data-elementor-id=\"16849\" class=\"elementor elementor-16849 elementor-14804\" data-elementor-post-type=\"page\">\n\t\t\t\t<div class=\"elementor-element elementor-element-e842631 e-con-full e-flex e-con e-parent\" data-id=\"e842631\" data-element_type=\"container\" data-e-type=\"container\" data-settings=\"{&quot;background_background&quot;:&quot;classic&quot;}\">\n\t\t\t\t<\/div>\n\t\t\t\t<section class=\"elementor-section elementor-top-section elementor-element elementor-element-382d190 elementor-section-boxed elementor-section-height-default elementor-section-height-default\" data-id=\"382d190\" data-element_type=\"section\" data-e-type=\"section\">\n\t\t\t\t\t\t<div class=\"elementor-container elementor-column-gap-default\">\n\t\t\t\t\t<div class=\"elementor-column elementor-col-100 elementor-top-column elementor-element elementor-element-97350db top column-style-top\" data-id=\"97350db\" data-element_type=\"column\" data-e-type=\"column\">\n\t\t\t<div class=\"elementor-widget-wrap elementor-element-populated\">\n\t\t\t\t\t\t<div class=\"elementor-element elementor-element-c74fd6e elementor-widget elementor-widget-gva-heading-block\" data-id=\"c74fd6e\" data-element_type=\"widget\" data-e-type=\"widget\" data-widget_type=\"gva-heading-block.default\">\n\t\t\t\t<div class=\"elementor-widget-container\">\n\t\t\t\t\t<div class=\"gva-element-gva-heading-block gva-element\">   <div class=\"align-left style-1 widget gsc-heading box-align-left\">\r\n      <div class=\"content-inner\">\r\n         \r\n                  \r\n                     <div class=\"clearfix\"><div class=\"sub-title\"><span>inne us\u0142ugi<\/span><\/div><\/div>\r\n           \r\n         \r\n                     <h2 class=\"title\">\r\n               <span>Szkolenia: oprogramowanie pomiarowe<\/span>\r\n            <\/h2>\r\n                  \r\n         \r\n      <\/div>\r\n   <\/div>\r\n   <div class=\"clearfix\"><\/div>\r\n<\/div>\t\t\t\t<\/div>\n\t\t\t\t<\/div>\n\t\t\t\t\t<\/div>\n\t\t<\/div>\n\t\t\t\t\t<\/div>\n\t\t<\/section>\n\t\t\t\t<section class=\"elementor-section elementor-top-section elementor-element elementor-element-cc4be59 elementor-section-boxed elementor-section-height-default elementor-section-height-default\" data-id=\"cc4be59\" data-element_type=\"section\" data-e-type=\"section\">\n\t\t\t\t\t\t<div class=\"elementor-container elementor-column-gap-default\">\n\t\t\t\t\t<div class=\"elementor-column elementor-col-50 elementor-top-column elementor-element elementor-element-e03aaed top column-style-top\" data-id=\"e03aaed\" data-element_type=\"column\" data-e-type=\"column\">\n\t\t\t<div class=\"elementor-widget-wrap elementor-element-populated\">\n\t\t\t\t\t\t<div class=\"elementor-element elementor-element-1612637 elementor-widget elementor-widget-image\" data-id=\"1612637\" data-element_type=\"widget\" data-e-type=\"widget\" data-widget_type=\"image.default\">\n\t\t\t\t<div class=\"elementor-widget-container\">\n\t\t\t\t\t\t\t\t\t\t\t\t\t\t\t<img fetchpriority=\"high\" decoding=\"async\" width=\"550\" height=\"385\" src=\"https:\/\/treon.pl\/wp-content\/uploads\/2023\/08\/szkolenia.jpg\" class=\"attachment-large size-large wp-image-14808\" alt=\"szkolenia z cam2 measure faro\" \/>\t\t\t\t\t\t\t\t\t\t\t\t\t\t\t<\/div>\n\t\t\t\t<\/div>\n\t\t\t\t\t<\/div>\n\t\t<\/div>\n\t\t\t\t<div class=\"elementor-column elementor-col-50 elementor-top-column elementor-element elementor-element-eabfbcc top column-style-top\" data-id=\"eabfbcc\" data-element_type=\"column\" data-e-type=\"column\">\n\t\t\t<div class=\"elementor-widget-wrap elementor-element-populated\">\n\t\t\t\t\t\t<div class=\"elementor-element elementor-element-3f09a5c elementor-widget elementor-widget-text-editor\" data-id=\"3f09a5c\" data-element_type=\"widget\" data-e-type=\"widget\" data-widget_type=\"text-editor.default\">\n\t\t\t\t<div class=\"elementor-widget-container\">\n\t\t\t\t\t\t\t\t\t<p>Wir bieten mehrt\u00e4gige Grund-, Fortgeschrittenen- und Expertenschulungen f\u00fcr die Softwarepakete FARO\u00ae CAM2\u00ae Measure und FARO\u00ae SCENE an. Wir schulen unsere Kunden auf der Grundlage jahrelanger Erfahrung im praktischen Einsatz von Messsoftware auf FARO-Messarmen sowie Laser Trackern. Spezielle Expertenschulungen sind auf Anfrage m\u00f6glich.<\/p>\t\t\t\t\t\t\t\t<\/div>\n\t\t\t\t<\/div>\n\t\t\t\t\t<\/div>\n\t\t<\/div>\n\t\t\t\t\t<\/div>\n\t\t<\/section>\n\t\t<div class=\"elementor-element elementor-element-42e0435 e-flex e-con-boxed e-con e-parent\" data-id=\"42e0435\" data-element_type=\"container\" data-e-type=\"container\">\n\t\t\t\t\t<div class=\"e-con-inner\">\n\t\t<div class=\"elementor-element elementor-element-c92d875 e-con-full e-flex e-con e-child\" data-id=\"c92d875\" data-element_type=\"container\" data-e-type=\"container\">\n\t\t\t\t<div class=\"elementor-element elementor-element-5c38355 elementor-widget elementor-widget-text-editor\" data-id=\"5c38355\" data-element_type=\"widget\" data-e-type=\"widget\" data-widget_type=\"text-editor.default\">\n\t\t\t\t<div class=\"elementor-widget-container\">\n\t\t\t\t\t\t\t\t\t<p>Die Schulungen finden immer in den R\u00e4umlichkeiten des Kunden statt und sind auf dessen Bed\u00fcrfnisse zugeschnitten, d. h. sie werden an den Ger\u00e4ten des Kunden (Arm, Zeilenscanner, Laser Tracker) und mit der Software des Kunden durchgef\u00fchrt.<\/p><p>Die Fortbildung empfiehlt sich f\u00fcr Kunden, die ihr Wissen erweitern und die Kompetenz ihrer Mitarbeiter deutlich verbessern wollen.<\/p><p>Setzen Sie sich mit uns in Verbindung, um zu besprechen, welche Art von Schulung Ihren Anforderungen am besten entspricht: Telefon: +48 600 525 006 E-Mail: office@treon.pl<\/p>\t\t\t\t\t\t\t\t<\/div>\n\t\t\t\t<\/div>\n\t\t\t\t<\/div>\n\t\t\t\t\t<\/div>\n\t\t\t\t<\/div>\n\t\t<div class=\"elementor-element elementor-element-9048963 e-flex e-con-boxed e-con e-parent\" data-id=\"9048963\" data-element_type=\"container\" data-e-type=\"container\">\n\t\t\t\t\t<div class=\"e-con-inner\">\n\t\t<div class=\"elementor-element elementor-element-b25d640 e-con-full e-flex e-con e-child\" data-id=\"b25d640\" data-element_type=\"container\" data-e-type=\"container\">\n\t\t\t\t<div class=\"elementor-element elementor-element-845002c elementor-widget elementor-widget-text-editor\" data-id=\"845002c\" data-element_type=\"widget\" data-e-type=\"widget\" data-widget_type=\"text-editor.default\">\n\t\t\t\t<div class=\"elementor-widget-container\">\n\t\t\t\t\t\t\t\t\t<ol><li>Funktionsprinzip des Ger\u00e4ts und Methodik der Arbeit mit dem Ger\u00e4t,<\/li><li>die wichtigsten technischen Parameter des Ger\u00e4ts,<\/li><li>Meldungen, Warnungen, die vom Ger\u00e4t gesendet werden,<\/li><li>Messsonden, Typen, Verwendung, bew\u00e4hrte Verfahren, Empfehlungen,<\/li><li>Methoden der Armbefestigung, bew\u00e4hrte Verfahren, Empfehlungen,<\/li><li>Umweltbedingungen, die die Messungen beeinflussen,<\/li><li>Diskussion der Verwaltungseinstellungen im DEVICE CENTER<\/li><li>Lernen, die Sonde zu kompensieren, \u00dcberpr\u00fcfung der Sonde,<\/li><li>Grunds\u00e4tze der Messungen und der Genauigkeit von Armtests,<\/li><li>Lernen, um die Wiederholbarkeit des SPAT-Arms zu testen,<\/li><li>lernen, einen Arm auf einem Granittisch zu kompensieren,<\/li><\/ol>\t\t\t\t\t\t\t\t<\/div>\n\t\t\t\t<\/div>\n\t\t\t\t<\/div>\n\t\t<div class=\"elementor-element elementor-element-bc19113 e-con-full e-flex e-con e-child\" data-id=\"bc19113\" data-element_type=\"container\" data-e-type=\"container\">\n\t\t\t\t<div class=\"elementor-element elementor-element-51a405c elementor-widget elementor-widget-text-editor\" data-id=\"51a405c\" data-element_type=\"widget\" data-e-type=\"widget\" data-widget_type=\"text-editor.default\">\n\t\t\t\t<div class=\"elementor-widget-container\">\n\t\t\t\t\t\t\t\t\t<ol><li>Ger\u00e4tegenauigkeit, wie man sie versteht, wie man Genauigkeiten interpretiert,<\/li><li>Diskussion der ISO 10360-12 und der Pr\u00fcfung der Ger\u00e4tegenauigkeit,<\/li><li>Lernen, Messungen mit minimalen Fehlern durchzuf\u00fchren,<\/li><li>Diskussion der wichtigsten Aspekte der Schnittstelle des Programms CAM2,<\/li><li>Diskussion der wichtigsten Einstellungen des CAM2-Programms,<\/li><li>Erstellung von Koordinatensystemen,<\/li><li>Auswertung der erhobenen Messdaten<\/li><li>Ausarbeitung der Messstrategie<\/li><li>Diskussion dar\u00fcber, wie die Merkmale im Programm berechnet werden<\/li><li>Analyse der Messergebnisse und Beseitigung von Fehlern,<\/li><li>Erstellung eines Messberichts,<\/li><\/ol>\t\t\t\t\t\t\t\t<\/div>\n\t\t\t\t<\/div>\n\t\t\t\t<\/div>\n\t\t\t\t\t<\/div>\n\t\t\t\t<\/div>\n\t\t\t\t<\/div>\n\t\t","protected":false},"excerpt":{"rendered":"<p>inne us\u0142ugi Szkolenia: oprogramowanie pomiarowe Wir bieten mehrt\u00e4gige Grund-, Fortgeschrittenen- und Expertenschulungen f\u00fcr die Softwarepakete FARO\u00ae CAM2\u00ae Measure und FARO\u00ae SCENE an. Wir schulen unsere Kunden auf der Grundlage jahrelanger Erfahrung im praktischen Einsatz von Messsoftware auf FARO-Messarmen sowie Laser Trackern. Spezielle Expertenschulungen sind auf Anfrage m\u00f6glich. Die Schulungen finden immer in den R\u00e4umlichkeiten des [&hellip;]<\/p>\n","protected":false},"author":1,"featured_media":0,"parent":0,"menu_order":0,"comment_status":"closed","ping_status":"closed","template":"elementor_header_footer","meta":{"_acf_changed":false,"footnotes":""},"class_list":["post-16849","page","type-page","status-publish","hentry"],"acf":[],"_links":{"self":[{"href":"https:\/\/treon.pl\/de\/wp-json\/wp\/v2\/pages\/16849","targetHints":{"allow":["GET"]}}],"collection":[{"href":"https:\/\/treon.pl\/de\/wp-json\/wp\/v2\/pages"}],"about":[{"href":"https:\/\/treon.pl\/de\/wp-json\/wp\/v2\/types\/page"}],"author":[{"embeddable":true,"href":"https:\/\/treon.pl\/de\/wp-json\/wp\/v2\/users\/1"}],"replies":[{"embeddable":true,"href":"https:\/\/treon.pl\/de\/wp-json\/wp\/v2\/comments?post=16849"}],"version-history":[{"count":0,"href":"https:\/\/treon.pl\/de\/wp-json\/wp\/v2\/pages\/16849\/revisions"}],"wp:attachment":[{"href":"https:\/\/treon.pl\/de\/wp-json\/wp\/v2\/media?parent=16849"}],"curies":[{"name":"wp","href":"https:\/\/api.w.org\/{rel}","templated":true}]}}