{"id":16930,"date":"2024-01-03T11:58:31","date_gmt":"2024-01-03T11:58:31","guid":{"rendered":"https:\/\/treon.pl\/datenschutzbestimmungen\/"},"modified":"2025-10-10T09:21:40","modified_gmt":"2025-10-10T09:21:40","slug":"datenschutzbestimmungen","status":"publish","type":"page","link":"https:\/\/treon.pl\/de\/datenschutzbestimmungen\/","title":{"rendered":"Datenschutzbestimmungen"},"content":{"rendered":"<h3><span class=\"label bc-1 c-grey-16\">Vorlage f\u00fcr<\/span> Datenschutzrichtlinien<\/h3>\n<hr>\n<h3>In dieser Datenschutzerkl\u00e4rung wird beschrieben, wie wir Informationen \u00fcber Sie, einschlie\u00dflich personenbezogener Daten und Cookies, oder sogenannte &#8222;Cookies&#8220;, verarbeiten. Kekse.<\/h3>\n<hr>\n<div class=\"lh166\">\n<h3 class=\"pb-12\"><strong>1. allgemeine Informationen<\/strong><\/h3>\n<ol>\n<li>Diese Politik gilt f\u00fcr die Website, die unter der URL: <b>Treon<\/b><\/li>\n<li>Der Betreiber des Dienstes und Verwalter der personenbezogenen Daten ist: Jakub Kalinowski ul. Jod\u0142owa 25 05-806 Granica<\/li>\n<li>E-Mail-Kontaktadresse des Betreibers: office@treon.pl<\/li>\n<li>Der Betreiber ist der Verwalter Ihrer pers\u00f6nlichen Daten in Bezug auf die Daten, die Sie freiwillig auf der Website angeben.<\/li>\n<li>Der Dienst verwendet personenbezogene Daten f\u00fcr die folgenden Zwecke:\n<ul>\n<li>Erstellung eines Newsletters<\/li>\n<li>Bearbeitung von Anfragen \u00fcber das Formular<\/li>\n<li>Pr\u00e4sentation eines Angebots oder einer Information<\/li>\n<\/ul>\n<\/li>\n<li>Der Dienst f\u00fchrt Funktionen aus, um Informationen \u00fcber die Nutzer und ihr Verhalten auf folgende Weise zu erhalten:\n<ol>\n<li>Durch die freiwillig in die Formulare eingegebenen Daten, die in die Systeme des Betreibers eingegeben werden.<\/li>\n<li>Durch die Speicherung von Cookies (sog. &#8222;Cookies&#8220;) auf den Endger\u00e4ten.<\/li>\n<\/ol>\n<\/li>\n<\/ol>\n<h3 class=\"pb-12\"><strong>2. ausgew\u00e4hlte Datenschutzmethoden des Betreibers<\/strong><\/h3>\n<ol>\n<li>Die Bereiche Login und pers\u00f6nliche Dateneingabe sind in der \u00dcbertragungsschicht gesch\u00fctzt (SSL-Zertifikat). Dadurch wird sichergestellt, dass die auf der Website eingegebenen pers\u00f6nlichen Daten und Anmeldedaten auf dem Computer des Benutzers verschl\u00fcsselt werden und nur auf dem Zielserver gelesen werden k\u00f6nnen.<\/li>\n<li>Benutzerpassw\u00f6rter werden in gehashter Form gespeichert. Die Hash-Funktion arbeitet unidirektional, d. h. es ist nicht m\u00f6glich, ihre Funktionsweise umzukehren, was heute der Standard f\u00fcr die Speicherung von Benutzerpassw\u00f6rtern ist.<\/li>\n<li>Der Betreiber \u00e4ndert in regelm\u00e4\u00dfigen Abst\u00e4nden seine administrativen Passw\u00f6rter.<\/li>\n<li>Um die Daten zu sch\u00fctzen, erstellt der Betreiber regelm\u00e4\u00dfig Sicherungskopien.<\/li>\n<li>Ein wichtiges Element des Datenschutzes ist die regelm\u00e4\u00dfige Aktualisierung der gesamten Software, die der Betreiber zur Verarbeitung personenbezogener Daten einsetzt, d.h. insbesondere die regelm\u00e4\u00dfige Aktualisierung der Softwarekomponenten.<\/li>\n<\/ol>\n<h3 class=\"pb-12\"><strong>3. das Hosting<\/strong><\/h3>\n<ol>\n<li>Der Dienst wird auf den Servern des Betreibers gehostet (technisch gewartet): ein anderes Unternehmen<\/li>\n<li>Das Hosting-Unternehmen f\u00fchrt auf Serverebene Protokolle, um die technische Zuverl\u00e4ssigkeit zu gew\u00e4hrleisten. Die Aufzeichnung kann Gegenstand einer \u00dcberpr\u00fcfung sein:\n<ul>\n<li>Ressourcen, die durch einen URL-Bezeichner angegeben werden (Adressen der angeforderten Ressourcen - Seiten, Dateien),<\/li>\n<li>der Zeitpunkt der Untersuchung,<\/li>\n<li>Zeitpunkt der \u00dcbermittlung der Antwort,<\/li>\n<li>der Name der Client-Station - Identifizierung \u00fcber das HTTP-Protokoll,<\/li>\n<li>Informationen \u00fcber Fehler, die w\u00e4hrend der Ausf\u00fchrung der HTTP-Transaktion aufgetreten sind,<\/li>\n<li>die URL einer zuvor vom Nutzer besuchten Seite (Referer-Link), falls ein Link zur Website besteht,<\/li>\n<li>Informationen \u00fcber den Browser des Benutzers,<\/li>\n<li>Informationen zur IP-Adresse,<\/li>\n<li>diagnostische Informationen im Zusammenhang mit dem Prozess der Selbstbestellung von Dienstleistungen \u00fcber Registrierstellen auf der Website,<\/li>\n<li>Informationen im Zusammenhang mit der Bearbeitung von E-Mails, die an den Betreiber gerichtet sind und von ihm versandt werden.<\/li>\n<\/ul>\n<\/li>\n<\/ol>\n<h3 class=\"pb-12\"><strong>4. Ihre Rechte und zus\u00e4tzliche Informationen \u00fcber die Verwendung Ihrer Daten<\/strong><\/h3>\n<ol>\n<li>In bestimmten Situationen hat der Verwalter das Recht, Ihre personenbezogenen Daten an andere Empf\u00e4nger zu \u00fcbermitteln, wenn dies f\u00fcr die Erf\u00fcllung eines mit Ihnen geschlossenen Vertrags oder f\u00fcr die Erf\u00fcllung der dem Verwalter obliegenden Verpflichtungen erforderlich ist. Dies gilt f\u00fcr diese Publikumsgruppen:\n<ul>\n<li>Hosting-Unternehmen auf delegierter Basis<\/li>\n<li>befugte Mitarbeiter und Partner, die die Daten zur Erf\u00fcllung des Zwecks der Website verwenden<\/li>\n<\/ul>\n<\/li>\n<li>Ihre personenbezogenen Daten werden vom Verwalter nur so lange verarbeitet, wie es f\u00fcr die Durchf\u00fchrung der damit verbundenen, in gesonderten Vorschriften festgelegten T\u00e4tigkeiten (z. B. zur Buchf\u00fchrung) erforderlich ist. Was die Marketingdaten betrifft, so werden diese nicht l\u00e4nger als 3 Jahre verarbeitet.<\/li>\n<li>Sie haben das Recht, sich an den Verwalter zu wenden:\n<ul>\n<li>Zugang zu den Sie betreffenden personenbezogenen Daten,<\/li>\n<li>ihre Berichtigung,<\/li>\n<li>L\u00f6schungen,<\/li>\n<li>Einschr\u00e4nkung der Verarbeitung,<\/li>\n<li>und Daten\u00fcbertragbarkeit.<\/li>\n<\/ul>\n<\/li>\n<li>Sie haben das Recht, in Bezug auf die in Absatz 3.2 genannte Verarbeitung Widerspruch gegen die Verarbeitung personenbezogener Daten zur Wahrung der berechtigten Interessen des f\u00fcr die Verarbeitung Verantwortlichen, einschlie\u00dflich des Profilings, einzulegen, wobei das Widerspruchsrecht nicht ausge\u00fcbt werden kann, wenn berechtigte Gr\u00fcnde f\u00fcr die Verarbeitung vorliegen, die Ihre Interessen, Rechte und Freiheiten \u00fcberwiegen, insbesondere die Feststellung, Geltendmachung oder Verteidigung von Anspr\u00fcchen.<\/li>\n<li>Gegen die Handlungen des Verwalters kann beim Pr\u00e4sidenten des Amtes f\u00fcr den Schutz personenbezogener Daten Beschwerde eingelegt werden, ul. Stawki 2, 00-193 Warschau.<\/li>\n<li>Die Angabe von personenbezogenen Daten ist freiwillig, aber f\u00fcr den Betrieb des Dienstes erforderlich.<\/li>\n<li>Eine automatisierte Entscheidungsfindung, einschlie\u00dflich Profiling, kann in Bezug auf Sie zum Zweck der Erbringung von Dienstleistungen im Rahmen des geschlossenen Vertrags und zum Zweck der Direktwerbung durch den Verwalter erfolgen.<\/li>\n<li>Personenbezogene Daten werden nicht aus Drittl\u00e4ndern im Sinne der Datenschutzgesetzgebung \u00fcbermittelt. Das bedeutet, dass wir sie nicht in L\u00e4nder au\u00dferhalb der Europ\u00e4ischen Union versenden.<\/li>\n<\/ol>\n<h3 class=\"pb-12\"><strong>5. Informationen zu den Formularen<\/strong><\/h3>\n<ol>\n<li>Der Dienst sammelt Informationen, die der Nutzer freiwillig zur Verf\u00fcgung stellt, einschlie\u00dflich personenbezogener Daten, sofern diese zur Verf\u00fcgung gestellt werden.<\/li>\n<li>Der Dienst kann Informationen \u00fcber die Verbindungsparameter (Zeitstempel, IP-Adresse) speichern.<\/li>\n<li>In einigen F\u00e4llen kann der Dienst Informationen aufzeichnen, um die Daten im Formular mit der E-Mail-Adresse des Benutzers, der das Formular ausf\u00fcllt, zu verkn\u00fcpfen. In diesem Fall erscheint die E-Mail-Adresse des Benutzers innerhalb der URL der Seite, die das Formular enth\u00e4lt.<\/li>\n<li>Die im Formular angegebenen Daten werden zu dem Zweck verarbeitet, der sich aus der Funktion des jeweiligen Formulars ergibt, z. B. zur Bearbeitung einer Dienstleistungsanfrage oder eines Gesch\u00e4ftskontakts, zur Registrierung von Dienstleistungen usw. In jedem Fall geht aus dem Kontext und der Beschreibung des Formulars klar hervor, wof\u00fcr es bestimmt ist.<\/li>\n<\/ol>\n<h3 class=\"pb-12\"><strong>6 Administratorprotokolle<\/strong><\/h3>\n<ol>\n<li>Die Informationen \u00fcber das Nutzerverhalten auf der Website k\u00f6nnen protokolliert werden. Diese Daten werden f\u00fcr die Verwaltung der Website verwendet.<\/li>\n<\/ol>\n<h3 class=\"pb-12\"><strong>7 Relevante Marketingtechniken<\/strong><\/h3>\n<ol>\n<li>Der Betreiber nutzt die statistische Auswertung des Website-Verkehrs mittels Google Analytics (Google Inc., mit Sitz in den USA). Der Betreiber \u00fcbermittelt keine personenbezogenen Daten an den Betreiber dieses Dienstes, sondern nur anonymisierte Informationen. Der Dienst basiert auf der Verwendung von Cookies auf dem Endger\u00e4t des Nutzers. Was die vom Google-Werbenetzwerk gesammelten Informationen \u00fcber die Nutzerpr\u00e4ferenzen betrifft, so kann der Nutzer die aus den Cookies resultierenden Informationen mit dem folgenden Tool einsehen und bearbeiten: https:\/\/www.google.com\/ads\/preferences\/.<\/li>\n<\/ol>\n<h3 class=\"pb-12\"><strong>8 Informationen \u00fcber Cookies<\/strong><\/h3>\n<ol>\n<li>Die Website verwendet Cookies.<\/li>\n<li>Cookies (sog. &#8222;Cookies&#8220;) sind IT-Daten, insbesondere Textdateien, die im Endger\u00e4t des Dienstnutzers gespeichert werden und f\u00fcr die Nutzung der Website bestimmt sind. Cookies enthalten in der Regel den Namen der Website, von der sie stammen, die Dauer der Speicherung auf dem Endger\u00e4t und eine eindeutige Nummer.<\/li>\n<li>Die Stelle, die Cookies auf dem Endger\u00e4t des Nutzers platziert und auf sie zugreift, ist der Betreiber des Dienstes.<\/li>\n<li>Cookies werden f\u00fcr die folgenden Zwecke verwendet:\n<ol>\n<li>Aufrechterhaltung einer Sitzung des Website-Benutzers (nach dem Einloggen), dank derer der Benutzer sein Login und sein Passwort nicht auf jeder Unterseite der Website erneut eingeben muss;<\/li>\n<li>um die oben unter &#8222;Wesentliche Marketingtechniken&#8220; genannten Ziele zu erreichen;<\/li>\n<\/ol>\n<\/li>\n<li>Die Website verwendet zwei Haupttypen von Cookies: &#8222;Sitzungscookies&#8220; und &#8222;permanente Cookies&#8220; (dauerhafte Cookies). &#8222;Session&#8220;-Cookies sind tempor\u00e4re Dateien, die auf dem Endger\u00e4t des Nutzers gespeichert werden, bis sich der Nutzer abmeldet, die Website verl\u00e4sst oder die Software (Webbrowser) ausschaltet. &#8222;Permanente&#8220; Cookies werden auf dem Endger\u00e4t des Nutzers f\u00fcr die in den Parametern der Cookies angegebene Zeit oder bis zu ihrer L\u00f6schung durch den Nutzer gespeichert.<\/li>\n<li>Die Web-Browsing-Software (Webbrowser) erlaubt in der Regel standardm\u00e4\u00dfig die Speicherung von Cookies auf dem Endger\u00e4t des Nutzers. Die Nutzer des Dienstes k\u00f6nnen ihre diesbez\u00fcglichen Einstellungen \u00e4ndern. Ihr Webbrowser erlaubt es Ihnen, Cookies zu l\u00f6schen. Es ist auch m\u00f6glich, Cookies automatisch zu blockieren. Einzelheiten hierzu entnehmen Sie bitte der Hilfe oder Dokumentation Ihres Internet-Browsers.<\/li>\n<li>Einschr\u00e4nkungen bei der Verwendung von Cookies k\u00f6nnen einige der auf der Website verf\u00fcgbaren Funktionen beeintr\u00e4chtigen.<\/li>\n<li>Die im Endger\u00e4t des Nutzers des Dienstes platzierten Cookies k\u00f6nnen auch von Einrichtungen verwendet werden, die mit dem Betreiber des Dienstes zusammenarbeiten, insbesondere von Unternehmen: Google (Google Inc. mit Sitz in den USA), Facebook (Facebook Inc. mit Sitz in den USA), Twitter (Twitter Inc. mit Sitz in den USA).<\/li>\n<\/ol>\n<h3 class=\"pb-12\"><strong>9. die Verwaltung von Cookies - wie wird die Zustimmung in der Praxis erteilt und zur\u00fcckgezogen?<\/strong><\/h3>\n<ol>\n<li>Wenn Sie keine Cookies erhalten m\u00f6chten, k\u00f6nnen Sie Ihre Browsereinstellungen \u00e4ndern. Bitte beachten Sie, dass die Deaktivierung von Cookies, die f\u00fcr Authentifizierungsprozesse, die Sicherheit und die Beibehaltung von Benutzerpr\u00e4ferenzen unerl\u00e4sslich sind, die Nutzung der Websites erschweren und in extremen F\u00e4llen unm\u00f6glich machen kann.<\/li>\n<li>Um Ihre Cookie-Einstellungen zu verwalten, w\u00e4hlen Sie den von Ihnen verwendeten Webbrowser aus der nachstehenden Liste aus und folgen Sie den Anweisungen:\n<ul>\n<li><a href=\"https:\/\/support.microsoft.com\/pl-pl\/help\/10607\/microsoft-edge-view-delete-browser-history\">Kante<\/a><\/li>\n<li><a href=\"https:\/\/support.microsoft.com\/pl-pl\/help\/278835\/how-to-delete-cookie-files-in-internet-explorer\">Internet Explorer<\/a><\/li>\n<li><a href=\"http:\/\/support.google.com\/chrome\/bin\/answer.py?hl=pl&amp;answer=95647\">Chrom<\/a><\/li>\n<li><a href=\"http:\/\/support.apple.com\/kb\/PH5042\">Safari<\/a><\/li>\n<li><a href=\"http:\/\/support.mozilla.org\/pl\/kb\/W%C5%82%C4%85czanie%20i%20wy%C5%82%C4%85czanie%20obs%C5%82ugi%20ciasteczek\">Firefox<\/a><\/li>\n<li><a href=\"http:\/\/help.opera.com\/Windows\/12.10\/pl\/cookies.html\">Oper<\/a><\/li>\n<\/ul>\n<p>Mobile Ger\u00e4te:<\/p>\n<ul>\n<li><a href=\"http:\/\/support.google.com\/chrome\/bin\/answer.py?hl=pl&amp;answer=95647\">Android<\/a><\/li>\n<li><a href=\"https:\/\/support.apple.com\/pl-pl\/105082\">Safari (iOS)<\/a><\/li>\n<li><a href=\"http:\/\/www.windowsphone.com\/pl-pl\/how-to\/wp7\/web\/changing-privacy-and-other-browser-settings\">Windows Phone<\/a><\/li>\n<\/ul>\n<\/li>\n<\/ol>\n<div class=\"disclaimer pt-36\">\n<p>Diese Musterpolice wurde kostenlos und zu Informationszwecken auf der Grundlage unseres Wissens, der Branchenpraxis und der zum 14.08.2018 geltenden Gesetzgebung erstellt. Wir empfehlen, die Richtlinienvorlage zu \u00fcberpr\u00fcfen, bevor Sie sie auf der Website verwenden. Die Vorlage basiert auf den am h\u00e4ufigsten vorkommenden Situationen auf Websites, spiegelt aber m\u00f6glicherweise nicht die vollst\u00e4ndigen und genauen Besonderheiten Ihrer Website wider. Lesen Sie das erstellte Dokument sorgf\u00e4ltig durch und passen Sie es gegebenenfalls an Ihre Situation an oder lassen Sie sich rechtlich beraten. Wir \u00fcbernehmen keine Verantwortung f\u00fcr die Folgen der Verwendung dieses Dokuments, da nur Sie in der Lage sind, die Richtigkeit aller darin enthaltenen Informationen zu \u00fcberpr\u00fcfen. Beachten Sie auch, dass die Datenschutzpolitik, selbst die beste, nur ein Teil Ihrer Sorge um die pers\u00f6nlichen Daten und die Privatsph\u00e4re der Nutzer auf der Website ist.<\/p>\n<\/div>\n<\/div>\n","protected":false},"excerpt":{"rendered":"<p>Vorlage f\u00fcr Datenschutzrichtlinien In dieser Datenschutzerkl\u00e4rung wird beschrieben, wie wir Informationen \u00fcber Sie, einschlie\u00dflich personenbezogener Daten und Cookies, oder sogenannte &#8222;Cookies&#8220;, verarbeiten. Kekse. 1. allgemeine Informationen Diese Politik gilt f\u00fcr die Website, die unter der URL: Treon Der Betreiber des Dienstes und Verwalter der personenbezogenen Daten ist: Jakub Kalinowski ul. Jod\u0142owa 25 05-806 Granica E-Mail-Kontaktadresse [&hellip;]<\/p>\n","protected":false},"author":1,"featured_media":0,"parent":0,"menu_order":0,"comment_status":"closed","ping_status":"closed","template":"","meta":{"_acf_changed":false,"footnotes":""},"class_list":["post-16930","page","type-page","status-publish","hentry"],"acf":[],"_links":{"self":[{"href":"https:\/\/treon.pl\/de\/wp-json\/wp\/v2\/pages\/16930","targetHints":{"allow":["GET"]}}],"collection":[{"href":"https:\/\/treon.pl\/de\/wp-json\/wp\/v2\/pages"}],"about":[{"href":"https:\/\/treon.pl\/de\/wp-json\/wp\/v2\/types\/page"}],"author":[{"embeddable":true,"href":"https:\/\/treon.pl\/de\/wp-json\/wp\/v2\/users\/1"}],"replies":[{"embeddable":true,"href":"https:\/\/treon.pl\/de\/wp-json\/wp\/v2\/comments?post=16930"}],"version-history":[{"count":0,"href":"https:\/\/treon.pl\/de\/wp-json\/wp\/v2\/pages\/16930\/revisions"}],"wp:attachment":[{"href":"https:\/\/treon.pl\/de\/wp-json\/wp\/v2\/media?parent=16930"}],"curies":[{"name":"wp","href":"https:\/\/api.w.org\/{rel}","templated":true}]}}