{"id":16937,"date":"2023-08-29T14:05:22","date_gmt":"2023-08-29T14:05:22","guid":{"rendered":"https:\/\/treon.pl\/messarm\/"},"modified":"2025-08-14T07:56:45","modified_gmt":"2025-08-14T07:56:45","slug":"messarm","status":"publish","type":"page","link":"https:\/\/treon.pl\/de\/messarm\/","title":{"rendered":"Messarm"},"content":{"rendered":"\t\t<div data-elementor-type=\"wp-post\" data-elementor-id=\"16937\" class=\"elementor elementor-16937 elementor-14955\" data-elementor-post-type=\"page\">\n\t\t\t\t<div class=\"elementor-element elementor-element-5ddb4bf7 e-con-full e-flex e-con e-parent\" data-id=\"5ddb4bf7\" data-element_type=\"container\" data-e-type=\"container\" data-settings=\"{&quot;background_background&quot;:&quot;classic&quot;}\">\n\t\t\t\t<\/div>\n\t\t\t\t<section class=\"elementor-section elementor-top-section elementor-element elementor-element-38471f2 elementor-section-boxed elementor-section-height-default elementor-section-height-default\" data-id=\"38471f2\" data-element_type=\"section\" data-e-type=\"section\">\n\t\t\t\t\t\t<div class=\"elementor-container elementor-column-gap-default\">\n\t\t\t\t\t<div class=\"elementor-column elementor-col-33 elementor-top-column elementor-element elementor-element-113c790 top column-style-top\" data-id=\"113c790\" data-element_type=\"column\" data-e-type=\"column\" data-settings=\"{&quot;background_background&quot;:&quot;classic&quot;}\">\n\t\t\t<div class=\"elementor-widget-wrap elementor-element-populated\">\n\t\t\t\t\t\t<div class=\"elementor-element elementor-element-971798b elementor-widget elementor-widget-spacer\" data-id=\"971798b\" data-element_type=\"widget\" data-e-type=\"widget\" data-widget_type=\"spacer.default\">\n\t\t\t\t<div class=\"elementor-widget-container\">\n\t\t\t\t\t\t\t<div class=\"elementor-spacer\">\n\t\t\t<div class=\"elementor-spacer-inner\"><\/div>\n\t\t<\/div>\n\t\t\t\t\t\t<\/div>\n\t\t\t\t<\/div>\n\t\t\t\t\t<\/div>\n\t\t<\/div>\n\t\t\t\t<div class=\"elementor-column elementor-col-66 elementor-top-column elementor-element elementor-element-1d47282 top column-style-top\" data-id=\"1d47282\" data-element_type=\"column\" data-e-type=\"column\">\n\t\t\t<div class=\"elementor-widget-wrap elementor-element-populated\">\n\t\t\t\t\t\t<div class=\"elementor-element elementor-element-ef442b0 elementor-widget elementor-widget-gva-heading-block\" data-id=\"ef442b0\" data-element_type=\"widget\" data-e-type=\"widget\" data-widget_type=\"gva-heading-block.default\">\n\t\t\t\t<div class=\"elementor-widget-container\">\n\t\t\t\t\t<div class=\"gva-element-gva-heading-block gva-element\">   <div class=\"align-left style-1 widget gsc-heading box-align-left\">\r\n      <div class=\"content-inner\">\r\n         \r\n                  \r\n                     <div class=\"clearfix\"><div class=\"sub-title\"><span>Czym Mierzymy<\/span><\/div><\/div>\r\n           \r\n         \r\n                     <h2 class=\"title\">\r\n               <span>Rami\u0119 Pomiarowe<\/span>\r\n            <\/h2>\r\n                              <div class=\"title-desc\">Wsp\u00f3\u0142rz\u0119dno\u015bciowe ramiona pomiarowe (ang. portable CMMs) to przeno\u015bne urz\u0105dzenia o du\u017cej dok\u0142adno\u015bci, u\u017cywane do pomiar\u00f3w w produkcji oraz przy in\u017cynierii odwrotnej. Ramiona 3D umo\u017cliwiaj\u0105 kontrol\u0119 jako\u015bci, rejestruj\u0105c pozycj\u0119 sondy i przekazuj\u0105c wyniki do oprogramowania (np. Metrolog lub Polyworks). S\u0105 lekkie i doskonale sprawdzaj\u0105 si\u0119 przy pomiarach ma\u0142ych i du\u017cych cz\u0119\u015bci w \u015brodowisku produkcyjnym.<\/div>\r\n         \r\n         \r\n      <\/div>\r\n   <\/div>\r\n   <div class=\"clearfix\"><\/div>\r\n<\/div>\t\t\t\t<\/div>\n\t\t\t\t<\/div>\n\t\t\t\t\t<\/div>\n\t\t<\/div>\n\t\t\t\t\t<\/div>\n\t\t<\/section>\n\t\t\t\t<section class=\"elementor-section elementor-top-section elementor-element elementor-element-41d3235 bg-row-theme elementor-section-boxed elementor-section-height-default elementor-section-height-default\" data-id=\"41d3235\" data-element_type=\"section\" data-e-type=\"section\" data-settings=\"{&quot;background_background&quot;:&quot;classic&quot;}\">\n\t\t\t\t\t\t\t<div class=\"elementor-background-overlay\"><\/div>\n\t\t\t\t\t\t\t<div class=\"elementor-container elementor-column-gap-default\">\n\t\t\t\t\t<div class=\"elementor-column elementor-col-25 elementor-top-column elementor-element elementor-element-4d5df45 top column-style-top\" data-id=\"4d5df45\" data-element_type=\"column\" data-e-type=\"column\">\n\t\t\t<div class=\"elementor-widget-wrap elementor-element-populated\">\n\t\t\t\t\t\t<div class=\"elementor-element elementor-element-8490901 elementor-widget elementor-widget-heading\" data-id=\"8490901\" data-element_type=\"widget\" data-e-type=\"widget\" data-widget_type=\"heading.default\">\n\t\t\t\t<div class=\"elementor-widget-container\">\n\t\t\t\t\t<h2 class=\"elementor-heading-title elementor-size-default\">bis zu 4 Meter<\/h2>\t\t\t\t<\/div>\n\t\t\t\t<\/div>\n\t\t\t\t<div class=\"elementor-element elementor-element-c3433dc elementor-widget elementor-widget-text-editor\" data-id=\"c3433dc\" data-element_type=\"widget\" data-e-type=\"widget\" data-widget_type=\"text-editor.default\">\n\t\t\t\t<div class=\"elementor-widget-container\">\n\t\t\t\t\t\t\t\t\tReichweite in Metern\t\t\t\t\t\t\t\t<\/div>\n\t\t\t\t<\/div>\n\t\t\t\t\t<\/div>\n\t\t<\/div>\n\t\t\t\t<div class=\"elementor-column elementor-col-25 elementor-top-column elementor-element elementor-element-6861754 top column-style-top\" data-id=\"6861754\" data-element_type=\"column\" data-e-type=\"column\">\n\t\t\t<div class=\"elementor-widget-wrap elementor-element-populated\">\n\t\t\t\t\t\t<div class=\"elementor-element elementor-element-9c7860a elementor-widget elementor-widget-heading\" data-id=\"9c7860a\" data-element_type=\"widget\" data-e-type=\"widget\" data-widget_type=\"heading.default\">\n\t\t\t\t<div class=\"elementor-widget-container\">\n\t\t\t\t\t<h2 class=\"elementor-heading-title elementor-size-default\">20\u03bcm - 40\u03bcm<\/h2>\t\t\t\t<\/div>\n\t\t\t\t<\/div>\n\t\t\t\t<div class=\"elementor-element elementor-element-0019f3e elementor-widget elementor-widget-text-editor\" data-id=\"0019f3e\" data-element_type=\"widget\" data-e-type=\"widget\" data-widget_type=\"text-editor.default\">\n\t\t\t\t<div class=\"elementor-widget-container\">\n\t\t\t\t\t\t\t\t\t<p>Genauigkeit<\/p>\t\t\t\t\t\t\t\t<\/div>\n\t\t\t\t<\/div>\n\t\t\t\t\t<\/div>\n\t\t<\/div>\n\t\t\t\t<div class=\"elementor-column elementor-col-25 elementor-top-column elementor-element elementor-element-702dbc4 top column-style-top\" data-id=\"702dbc4\" data-element_type=\"column\" data-e-type=\"column\">\n\t\t\t<div class=\"elementor-widget-wrap elementor-element-populated\">\n\t\t\t\t\t\t<div class=\"elementor-element elementor-element-0165e6c elementor-widget elementor-widget-heading\" data-id=\"0165e6c\" data-element_type=\"widget\" data-e-type=\"widget\" data-widget_type=\"heading.default\">\n\t\t\t\t<div class=\"elementor-widget-container\">\n\t\t\t\t\t<h2 class=\"elementor-heading-title elementor-size-default\">9kg<\/h2>\t\t\t\t<\/div>\n\t\t\t\t<\/div>\n\t\t\t\t<div class=\"elementor-element elementor-element-d4cc594 elementor-widget__width-initial elementor-widget elementor-widget-text-editor\" data-id=\"d4cc594\" data-element_type=\"widget\" data-e-type=\"widget\" data-widget_type=\"text-editor.default\">\n\t\t\t\t<div class=\"elementor-widget-container\">\n\t\t\t\t\t\t\t\t\t<p>Mobilit\u00e4t<\/p>\t\t\t\t\t\t\t\t<\/div>\n\t\t\t\t<\/div>\n\t\t\t\t\t<\/div>\n\t\t<\/div>\n\t\t\t\t<div class=\"elementor-column elementor-col-25 elementor-top-column elementor-element elementor-element-0569d97 top column-style-top\" data-id=\"0569d97\" data-element_type=\"column\" data-e-type=\"column\">\n\t\t\t<div class=\"elementor-widget-wrap elementor-element-populated\">\n\t\t\t\t\t\t<div class=\"elementor-element elementor-element-44e138d elementor-widget elementor-widget-heading\" data-id=\"44e138d\" data-element_type=\"widget\" data-e-type=\"widget\" data-widget_type=\"heading.default\">\n\t\t\t\t<div class=\"elementor-widget-container\">\n\t\t\t\t\t<h2 class=\"elementor-heading-title elementor-size-default\">ISO 10360-12<\/h2>\t\t\t\t<\/div>\n\t\t\t\t<\/div>\n\t\t\t\t<div class=\"elementor-element elementor-element-ba3d40e elementor-widget elementor-widget-text-editor\" data-id=\"ba3d40e\" data-element_type=\"widget\" data-e-type=\"widget\" data-widget_type=\"text-editor.default\">\n\t\t\t\t<div class=\"elementor-widget-container\">\n\t\t\t\t\t\t\t\t\t<p>Zertifizierung<\/p>\t\t\t\t\t\t\t\t<\/div>\n\t\t\t\t<\/div>\n\t\t\t\t\t<\/div>\n\t\t<\/div>\n\t\t\t\t\t<\/div>\n\t\t<\/section>\n\t\t\t\t<section class=\"elementor-section elementor-top-section elementor-element elementor-element-1729a7b elementor-section-boxed elementor-section-height-default elementor-section-height-default\" data-id=\"1729a7b\" data-element_type=\"section\" data-e-type=\"section\">\n\t\t\t\t\t\t<div class=\"elementor-container elementor-column-gap-default\">\n\t\t\t\t\t<div class=\"elementor-column elementor-col-100 elementor-top-column elementor-element elementor-element-fb86c92 top column-style-top\" data-id=\"fb86c92\" data-element_type=\"column\" data-e-type=\"column\">\n\t\t\t<div class=\"elementor-widget-wrap elementor-element-populated\">\n\t\t\t\t\t\t<div class=\"elementor-element elementor-element-4cae684 elementor-widget elementor-widget-text-editor\" data-id=\"4cae684\" data-element_type=\"widget\" data-e-type=\"widget\" data-widget_type=\"text-editor.default\">\n\t\t\t\t<div class=\"elementor-widget-container\">\n\t\t\t\t\t\t\t\t\t<p><strong>Messarme<\/strong> werden in einer Vielzahl von Branchen eingesetzt, um die Arbeit zu erleichtern und die Besch\u00e4ftigten zu unterst\u00fctzen. Sie zeichnen sich durch ihre Vielseitigkeit, Genauigkeit und Vielseitigkeit aus und spielen eine wichtige Rolle in der heutigen Industrie. Was sind die wichtigsten Anwendungen dieser Instrumente?<\/p><p><strong>Messarme sind tragbare Ger\u00e4te<\/strong>, die die Messung von Werkst\u00fccken unterschiedlicher Gr\u00f6\u00dfe erm\u00f6glichen, von kleinen (z.B. 0,1 m - 0,5 m) bis zu gro\u00dfen (bis zu 4,0 m). Sie werden dort eingesetzt, wo die Messgenauigkeit entscheidend ist, mit einer Ma\u00dftoleranz von 0,10 mm pro Meter (z.B. 1000,00 mm \u00b1 0,05 mm). Die genauesten Waffen haben eine Genauigkeit von 0,01 mm - 0,03 mm \u00fcber den gesamten Messbereich. Sie erfassen die Oberfl\u00e4chenform und die geometrischen Elemente und erm\u00f6glichen eine Dimensionsanalyse direkt an der Produktionslinie.<\/p><p><strong>Messarme sind n\u00fctzlich<\/strong> f\u00fcr die Qualit\u00e4tskontrolle und die pr\u00e4zise Ausrichtung von Maschinen in einem Bereich von bis zu 3-4 Metern. In der Automobil-, Luft- und Raumfahrt-, Prototyping-, Gie\u00dferei- oder Schwei\u00dfkonstruktionsindustrie spielen sie eine wichtige Rolle. Sie werden auch zur Kontrolle der Lieferungen verwendet, indem die gewonnenen Daten mit dem 3D-Modell verglichen werden.<\/p><p><strong>Die Arme sind aus Kohlefaser gefertigt<\/strong> und bestehen aus drei Elementen, die durch Drehgelenke miteinander verbunden sind. Drehgeber wandeln Drehbewegungen pr\u00e4zise in ein elektrisches Signal um. Die Kontaktstifte erfassen Messwerte und erreichen durch ihre au\u00dfergew\u00f6hnliche Pr\u00e4zision eine hohe Genauigkeit in Bezug auf den Messbereich.<\/p>\t\t\t\t\t\t\t\t<\/div>\n\t\t\t\t<\/div>\n\t\t\t\t\t<\/div>\n\t\t<\/div>\n\t\t\t\t\t<\/div>\n\t\t<\/section>\n\t\t<div class=\"elementor-element elementor-element-11dc612 e-flex e-con-boxed e-con e-parent\" data-id=\"11dc612\" data-element_type=\"container\" data-e-type=\"container\">\n\t\t\t\t\t<div class=\"e-con-inner\">\n\t\t\t\t<div class=\"elementor-element elementor-element-2cabc80 elementor-skin-carousel elementor-arrows-yes elementor-pagination-type-bullets elementor-pagination-position-outside elementor-widget elementor-widget-media-carousel\" data-id=\"2cabc80\" data-element_type=\"widget\" data-e-type=\"widget\" data-settings=\"{&quot;skin&quot;:&quot;carousel&quot;,&quot;effect&quot;:&quot;slide&quot;,&quot;show_arrows&quot;:&quot;yes&quot;,&quot;pagination&quot;:&quot;bullets&quot;,&quot;speed&quot;:500,&quot;autoplay&quot;:&quot;yes&quot;,&quot;autoplay_speed&quot;:5000,&quot;loop&quot;:&quot;yes&quot;,&quot;pause_on_hover&quot;:&quot;yes&quot;,&quot;pause_on_interaction&quot;:&quot;yes&quot;,&quot;space_between&quot;:{&quot;unit&quot;:&quot;px&quot;,&quot;size&quot;:10,&quot;sizes&quot;:[]},&quot;space_between_tablet&quot;:{&quot;unit&quot;:&quot;px&quot;,&quot;size&quot;:10,&quot;sizes&quot;:[]},&quot;space_between_mobile&quot;:{&quot;unit&quot;:&quot;px&quot;,&quot;size&quot;:10,&quot;sizes&quot;:[]}}\" data-widget_type=\"media-carousel.default\">\n\t\t\t\t<div class=\"elementor-widget-container\">\n\t\t\t\t\t\t\t\t\t<div class=\"elementor-swiper\">\n\t\t\t\t\t<div class=\"elementor-main-swiper swiper\" role=\"region\" aria-roledescription=\"carousel\" aria-label=\"Slider\">\n\t\t\t\t<div class=\"swiper-wrapper\">\n\t\t\t\t\t\t\t\t\t\t\t<div class=\"swiper-slide\" role=\"group\" aria-roledescription=\"slide\">\n\t\t\t\t\t\t\t\t\t<div class=\"elementor-carousel-image lazyload\" role=\"img\" aria-label=\"Sprawdzenia geometrii maszyn\" style=\"background-image:inherit\" data-bg-image=\"url(&#039;https:\/\/treon.pl\/wp-content\/uploads\/2023\/08\/Sprawdzenia-geometrii-maszyn.jpg&#039;)\">\n\n\t\t\t\n\t\t\t\t\t<\/div>\n\t\t\t\t\t\t\t\t<\/div>\n\t\t\t\t\t\t\t\t\t\t\t<div class=\"swiper-slide\" role=\"group\" aria-roledescription=\"slide\">\n\t\t\t\t\t\t\t\t\t<div class=\"elementor-carousel-image\" role=\"img\" aria-label=\"faro arm measuring services\" style=\"background-image: url(&#039;https:\/\/treon.pl\/wp-content\/uploads\/2023\/08\/Messungen an Produktionsmaschinen.jpg&#039;)\">\n\n\t\t\t\n\t\t\t\t\t<\/div>\n\t\t\t\t\t\t\t\t<\/div>\n\t\t\t\t\t\t\t\t\t\t\t<div class=\"swiper-slide\" role=\"group\" aria-roledescription=\"slide\">\n\t\t\t\t\t\t\t\t\t<div class=\"elementor-carousel-image lazyload\" role=\"img\" aria-label=\"pomiary ramieniem pomiarowym\" style=\"background-image:inherit\" data-bg-image=\"url(&#039;https:\/\/treon.pl\/wp-content\/uploads\/2023\/08\/pomiary-faro-arm-ramie-pomiarowe.png&#039;)\">\n\n\t\t\t\n\t\t\t\t\t<\/div>\n\t\t\t\t\t\t\t\t<\/div>\n\t\t\t\t\t\t\t\t\t<\/div>\n\t\t\t\t\t\t\t\t\t\t\t\t\t\t\t<div class=\"elementor-swiper-button elementor-swiper-button-prev\" role=\"button\" tabindex=\"0\" aria-label=\"Voriger\">\n\t\t\t\t\t\t\t<svg aria-hidden=\"true\" class=\"e-font-icon-svg e-eicon-chevron-left\" viewBox=\"0 0 1000 1000\" xmlns=\"http:\/\/www.w3.org\/2000\/svg\"><path d=\"M646 125C629 125 613 133 604 142L308 442C296 454 292 471 292 487 292 504 296 521 308 533L604 854C617 867 629 875 646 875 663 875 679 871 692 858 704 846 713 829 713 812 713 796 708 779 692 767L438 487 692 225C700 217 708 204 708 187 708 171 704 154 692 142 675 129 663 125 646 125Z\"><\/path><\/svg>\t\t\t\t\t\t<\/div>\n\t\t\t\t\t\t<div class=\"elementor-swiper-button elementor-swiper-button-next\" role=\"button\" tabindex=\"0\" aria-label=\"N\u00e4chster\">\n\t\t\t\t\t\t\t<svg aria-hidden=\"true\" class=\"e-font-icon-svg e-eicon-chevron-right\" viewBox=\"0 0 1000 1000\" xmlns=\"http:\/\/www.w3.org\/2000\/svg\"><path d=\"M696 533C708 521 713 504 713 487 713 471 708 454 696 446L400 146C388 133 375 125 354 125 338 125 325 129 313 142 300 154 292 171 292 187 292 204 296 221 308 233L563 492 304 771C292 783 288 800 288 817 288 833 296 850 308 863 321 871 338 875 354 875 371 875 388 867 400 854L696 533Z\"><\/path><\/svg>\t\t\t\t\t\t<\/div>\n\t\t\t\t\t\t\t\t\t\t\t\t\t\t\t\t<div class=\"swiper-pagination\"><\/div>\n\t\t\t\t\t\t\t\t\t\t\t\t<\/div>\n\t\t\t\t<\/div>\n\t\t\t\t\t\t\t\t<\/div>\n\t\t\t\t<\/div>\n\t\t\t\t\t<\/div>\n\t\t\t\t<\/div>\n\t\t<div class=\"elementor-element elementor-element-858d38a e-flex e-con-boxed e-con e-parent\" data-id=\"858d38a\" data-element_type=\"container\" data-e-type=\"container\">\n\t\t\t\t\t<div class=\"e-con-inner\">\n\t\t\t\t\t<\/div>\n\t\t\t\t<\/div>\n\t\t<div class=\"elementor-element elementor-element-f88c750 e-flex e-con-boxed e-con e-parent\" data-id=\"f88c750\" data-element_type=\"container\" data-e-type=\"container\">\n\t\t\t\t\t<div class=\"e-con-inner\">\n\t\t<div class=\"elementor-element elementor-element-9ed6ed5 e-con-full e-flex e-con e-child\" data-id=\"9ed6ed5\" data-element_type=\"container\" data-e-type=\"container\">\n\t\t\t\t<div class=\"elementor-element elementor-element-76ab01f elementor-cta--skin-cover elementor-animated-content elementor-bg-transform elementor-bg-transform-zoom-in elementor-widget elementor-widget-call-to-action\" data-id=\"76ab01f\" data-element_type=\"widget\" data-e-type=\"widget\" data-widget_type=\"call-to-action.default\">\n\t\t\t\t<div class=\"elementor-widget-container\">\n\t\t\t\t\t\t\t<div class=\"elementor-cta\">\n\t\t\t\t\t<div class=\"elementor-cta__bg-wrapper\">\n\t\t\t\t<div class=\"elementor-cta__bg elementor-bg lazyload\" style=\"background-image:inherit;\" role=\"img\" aria-label=\"Telefon\" data-bg-image=\"url(https:\/\/treon.pl\/wp-content\/uploads\/2023\/08\/telefon.jpg)\"><\/div>\n\t\t\t\t<div class=\"elementor-cta__bg-overlay\"><\/div>\n\t\t\t<\/div>\n\t\t\t\t\t\t\t<div class=\"elementor-cta__content\">\n\t\t\t\t\n\t\t\t\t\t\t\t\t\t<h2 class=\"elementor-cta__title elementor-cta__content-item elementor-content-item elementor-animated-item--grow\">\n\t\t\t\t\t\tRufen Sie an.\t\t\t\t\t<\/h2>\n\t\t\t\t\n\t\t\t\t\n\t\t\t\t\t\t\t\t\t<div class=\"elementor-cta__button-wrapper elementor-cta__content-item elementor-content-item elementor-animated-item--grow\">\n\t\t\t\t\t<a class=\"elementor-cta__button elementor-button elementor-size-\" href=\"tel:+48600525006\">\n\t\t\t\t\t\t+48 600 525 006\t\t\t\t\t<\/a>\n\t\t\t\t\t<\/div>\n\t\t\t\t\t\t\t<\/div>\n\t\t\t\t\t\t<\/div>\n\t\t\t\t\t\t<\/div>\n\t\t\t\t<\/div>\n\t\t\t\t<\/div>\n\t\t<div class=\"elementor-element elementor-element-a03a658 e-con-full e-flex e-con e-child\" data-id=\"a03a658\" data-element_type=\"container\" data-e-type=\"container\">\n\t\t\t\t<div class=\"elementor-element elementor-element-ea682e8 elementor-cta--skin-cover elementor-animated-content elementor-bg-transform elementor-bg-transform-zoom-in elementor-widget elementor-widget-call-to-action\" data-id=\"ea682e8\" data-element_type=\"widget\" data-e-type=\"widget\" data-widget_type=\"call-to-action.default\">\n\t\t\t\t<div class=\"elementor-widget-container\">\n\t\t\t\t\t\t\t<div class=\"elementor-cta\">\n\t\t\t\t\t<div class=\"elementor-cta__bg-wrapper\">\n\t\t\t\t<div class=\"elementor-cta__bg elementor-bg lazyload\" style=\"background-image:inherit;\" role=\"img\" aria-label=\"E-Mail\" data-bg-image=\"url(https:\/\/treon.pl\/wp-content\/uploads\/2023\/08\/email.jpg)\"><\/div>\n\t\t\t\t<div class=\"elementor-cta__bg-overlay\"><\/div>\n\t\t\t<\/div>\n\t\t\t\t\t\t\t<div class=\"elementor-cta__content\">\n\t\t\t\t\n\t\t\t\t\t\t\t\t\t<h2 class=\"elementor-cta__title elementor-cta__content-item elementor-content-item elementor-animated-item--grow\">\n\t\t\t\t\t\tSchreiben Sie\t\t\t\t\t<\/h2>\n\t\t\t\t\n\t\t\t\t\n\t\t\t\t\t\t\t\t\t<div class=\"elementor-cta__button-wrapper elementor-cta__content-item elementor-content-item elementor-animated-item--grow\">\n\t\t\t\t\t<a class=\"elementor-cta__button elementor-button elementor-size-md\" href=\"mailto:office@treon.pl\">\n\t\t\t\t\t\toffice@treon.pl\t\t\t\t\t<\/a>\n\t\t\t\t\t<\/div>\n\t\t\t\t\t\t\t<\/div>\n\t\t\t\t\t\t<\/div>\n\t\t\t\t\t\t<\/div>\n\t\t\t\t<\/div>\n\t\t\t\t<\/div>\n\t\t\t\t\t<\/div>\n\t\t\t\t<\/div>\n\t\t\t\t<\/div>\n\t\t","protected":false},"excerpt":{"rendered":"<p>Czym Mierzymy Rami\u0119 Pomiarowe Wsp\u00f3\u0142rz\u0119dno\u015bciowe ramiona pomiarowe (ang. portable CMMs) to przeno\u015bne urz\u0105dzenia o du\u017cej dok\u0142adno\u015bci, u\u017cywane do pomiar\u00f3w w produkcji oraz przy in\u017cynierii odwrotnej. Ramiona 3D umo\u017cliwiaj\u0105 kontrol\u0119 jako\u015bci, rejestruj\u0105c pozycj\u0119 sondy i przekazuj\u0105c wyniki do oprogramowania (np. Metrolog lub Polyworks). S\u0105 lekkie i doskonale sprawdzaj\u0105 si\u0119 przy pomiarach ma\u0142ych i du\u017cych cz\u0119\u015bci w [&hellip;]<\/p>\n","protected":false},"author":3,"featured_media":0,"parent":0,"menu_order":0,"comment_status":"closed","ping_status":"closed","template":"elementor_header_footer","meta":{"_acf_changed":false,"footnotes":""},"class_list":["post-16937","page","type-page","status-publish","hentry"],"acf":[],"_links":{"self":[{"href":"https:\/\/treon.pl\/de\/wp-json\/wp\/v2\/pages\/16937","targetHints":{"allow":["GET"]}}],"collection":[{"href":"https:\/\/treon.pl\/de\/wp-json\/wp\/v2\/pages"}],"about":[{"href":"https:\/\/treon.pl\/de\/wp-json\/wp\/v2\/types\/page"}],"author":[{"embeddable":true,"href":"https:\/\/treon.pl\/de\/wp-json\/wp\/v2\/users\/3"}],"replies":[{"embeddable":true,"href":"https:\/\/treon.pl\/de\/wp-json\/wp\/v2\/comments?post=16937"}],"version-history":[{"count":0,"href":"https:\/\/treon.pl\/de\/wp-json\/wp\/v2\/pages\/16937\/revisions"}],"wp:attachment":[{"href":"https:\/\/treon.pl\/de\/wp-json\/wp\/v2\/media?parent=16937"}],"curies":[{"name":"wp","href":"https:\/\/api.w.org\/{rel}","templated":true}]}}